{"id":17,"date":"2023-08-10T23:21:52","date_gmt":"2023-08-10T21:21:52","guid":{"rendered":"https:\/\/23.morais.lu\/?page_id=17"},"modified":"2023-08-11T00:07:08","modified_gmt":"2023-08-10T22:07:08","slug":"pp","status":"publish","type":"page","link":"https:\/\/morais.lu\/","title":{"rendered":"Page principale"},"content":{"rendered":"<style>.wp-block-kadence-advancedheading.kt-adv-heading17_d7c65c-45, .wp-block-kadence-advancedheading.kt-adv-heading17_d7c65c-45[data-kb-block=\"kb-adv-heading17_d7c65c-45\"]{text-align:center;font-style:normal;}.wp-block-kadence-advancedheading.kt-adv-heading17_d7c65c-45 mark.kt-highlight, .wp-block-kadence-advancedheading.kt-adv-heading17_d7c65c-45[data-kb-block=\"kb-adv-heading17_d7c65c-45\"] mark.kt-highlight{font-style:normal;color:#f76a0c;-webkit-box-decoration-break:clone;box-decoration-break:clone;padding-top:0px;padding-right:0px;padding-bottom:0px;padding-left:0px;}<\/style>\n<h2 class=\"kt-adv-heading17_d7c65c-45 wp-block-kadence-advancedheading\" data-kb-block=\"kb-adv-heading17_d7c65c-45\"><strong><strong>Groupe Morais : Plusieurs Activit\u00e9s, Une Famille<\/strong><\/strong><\/h2>\n\n\n<style>.wp-block-kadence-spacer.kt-block-spacer-17_357426-00 .kt-block-spacer{height:60px;}.wp-block-kadence-spacer.kt-block-spacer-17_357426-00 .kt-divider{border-top-width:1px;height:1px;border-top-color:var(--global-palette6, #718096);width:80%;border-top-style:solid;}<\/style>\n<div class=\"wp-block-kadence-spacer aligncenter kt-block-spacer-17_357426-00\"><div class=\"kt-block-spacer kt-block-spacer-halign-center\"><hr class=\"kt-divider\"\/><\/div><\/div>\n\n\n<style>.kb-row-layout-id17_aae695-5d > .kt-row-column-wrap{align-content:start;}:where(.kb-row-layout-id17_aae695-5d > .kt-row-column-wrap) > .wp-block-kadence-column{justify-content:start;}.kb-row-layout-id17_aae695-5d > .kt-row-column-wrap{column-gap:var(--global-kb-gap-md, 2rem);row-gap:var(--global-kb-gap-md, 2rem);padding-top:var(--global-kb-spacing-sm, 1.5rem);padding-bottom:var(--global-kb-spacing-sm, 1.5rem);grid-template-columns:repeat(2, minmax(0, 1fr));}.kb-row-layout-id17_aae695-5d > .kt-row-layout-overlay{opacity:0.30;}@media all and (max-width: 1024px){.kb-row-layout-id17_aae695-5d > .kt-row-column-wrap{grid-template-columns:repeat(2, minmax(0, 1fr));}}@media all and (max-width: 767px){.kb-row-layout-id17_aae695-5d > .kt-row-column-wrap{grid-template-columns:minmax(0, 1fr);}}<\/style><div class=\"kb-row-layout-wrap kb-row-layout-id17_aae695-5d alignnone wp-block-kadence-rowlayout\"><div class=\"kt-row-column-wrap kt-has-2-columns kt-row-layout-equal kt-tab-layout-inherit kt-mobile-layout-row kt-row-valign-top\">\n<style>.kadence-column17_537ea9-f4 > .kt-inside-inner-col,.kadence-column17_537ea9-f4 > .kt-inside-inner-col:before{border-top-left-radius:0px;border-top-right-radius:1px;border-bottom-right-radius:0px;border-bottom-left-radius:0px;}.kadence-column17_537ea9-f4 > .kt-inside-inner-col{column-gap:var(--global-kb-gap-sm, 1rem);}.kadence-column17_537ea9-f4 > .kt-inside-inner-col{flex-direction:column;}.kadence-column17_537ea9-f4 > .kt-inside-inner-col > .aligncenter{width:100%;}.kadence-column17_537ea9-f4 > .kt-inside-inner-col:before{opacity:0.3;}.kadence-column17_537ea9-f4{position:relative;}@media all and (max-width: 1024px){.kadence-column17_537ea9-f4 > .kt-inside-inner-col{flex-direction:column;}}@media all and (max-width: 767px){.kadence-column17_537ea9-f4 > .kt-inside-inner-col{flex-direction:column;}}<\/style>\n<div class=\"wp-block-kadence-column kadence-column17_537ea9-f4\"><div class=\"kt-inside-inner-col\"><style>.wp-block-kadence-advancedheading.kt-adv-heading17_1269a4-a4, .wp-block-kadence-advancedheading.kt-adv-heading17_1269a4-a4[data-kb-block=\"kb-adv-heading17_1269a4-a4\"]{text-align:center;font-style:normal;}.wp-block-kadence-advancedheading.kt-adv-heading17_1269a4-a4 mark.kt-highlight, .wp-block-kadence-advancedheading.kt-adv-heading17_1269a4-a4[data-kb-block=\"kb-adv-heading17_1269a4-a4\"] mark.kt-highlight{font-style:normal;color:#f76a0c;-webkit-box-decoration-break:clone;box-decoration-break:clone;padding-top:0px;padding-right:0px;padding-bottom:0px;padding-left:0px;}<\/style>\n<h3 class=\"kt-adv-heading17_1269a4-a4 wp-block-kadence-advancedheading\" data-kb-block=\"kb-adv-heading17_1269a4-a4\">IAV S\u00e0rl<br><strong>\u00c0 Votre Service Depuis 2008<\/strong><br><strong>D\u00e9pannage &amp; Assistance Informatique, <\/strong><br><strong>Conseil, Cr\u00e9ation de Sites Web<\/strong><\/h3>\n\n\n<div class=\"wp-block-image\">\n<figure class=\"aligncenter size-full\"><a href=\"https:\/\/iav.lu\" target=\"_blank\" rel=\"noreferrer noopener\"><img decoding=\"async\" src=\"https:\/\/iav.lu\/wp-content\/uploads\/2023\/08\/image.png\" alt=\"\" class=\"wp-image-3604\"\/><\/a><\/figure>\n<\/div>\n\n\n<h4 class=\"wp-block-heading has-text-align-center has--font-size\"><a rel=\"noreferrer noopener\" href=\"https:\/\/iav.lu\" target=\"_blank\"><strong>Cliquez ici pour \u00eatre redirig\u00e9<\/strong><\/a><br><a rel=\"noreferrer noopener\" href=\"https:\/\/iav.lu\" target=\"_blank\"><strong>vers la page de la soci\u00e9t\u00e9<\/strong><\/a><\/h4>\n<\/div><\/div>\n\n\n<style>.kadence-column17_55a2c0-91 > .kt-inside-inner-col,.kadence-column17_55a2c0-91 > .kt-inside-inner-col:before{border-top-left-radius:0px;border-top-right-radius:0px;border-bottom-right-radius:0px;border-bottom-left-radius:1px;}.kadence-column17_55a2c0-91 > .kt-inside-inner-col{column-gap:var(--global-kb-gap-sm, 1rem);}.kadence-column17_55a2c0-91 > .kt-inside-inner-col{flex-direction:column;}.kadence-column17_55a2c0-91 > .kt-inside-inner-col > .aligncenter{width:100%;}.kadence-column17_55a2c0-91 > .kt-inside-inner-col:before{opacity:0.3;}.kadence-column17_55a2c0-91{position:relative;}@media all and (max-width: 1024px){.kadence-column17_55a2c0-91 > .kt-inside-inner-col{flex-direction:column;}}@media all and (max-width: 767px){.kadence-column17_55a2c0-91 > .kt-inside-inner-col{flex-direction:column;}}<\/style>\n<div class=\"wp-block-kadence-column kadence-column17_55a2c0-91\"><div class=\"kt-inside-inner-col\"><style>.wp-block-kadence-advancedheading.kt-adv-heading17_bb24f9-e4, .wp-block-kadence-advancedheading.kt-adv-heading17_bb24f9-e4[data-kb-block=\"kb-adv-heading17_bb24f9-e4\"]{text-align:center;font-style:normal;}.wp-block-kadence-advancedheading.kt-adv-heading17_bb24f9-e4 mark.kt-highlight, .wp-block-kadence-advancedheading.kt-adv-heading17_bb24f9-e4[data-kb-block=\"kb-adv-heading17_bb24f9-e4\"] mark.kt-highlight{font-style:normal;color:#f76a0c;-webkit-box-decoration-break:clone;box-decoration-break:clone;padding-top:0px;padding-right:0px;padding-bottom:0px;padding-left:0px;}<\/style>\n<h3 class=\"kt-adv-heading17_bb24f9-e4 wp-block-kadence-advancedheading\" data-kb-block=\"kb-adv-heading17_bb24f9-e4\">Morais S\u00e0rl,<br><strong>depuis 2020, \u00e0 votre service pour<\/strong><br><strong>les tr\u00e9sors de la p\u00e9ninsule ib\u00e9rique<\/strong><br>&#8211;<br><\/h3>\n\n\n<div class=\"wp-block-image\">\n<figure class=\"aligncenter size-full\"><a href=\"https:\/\/morais.shop\" target=\"_blank\" rel=\"noreferrer noopener\"><img decoding=\"async\" src=\"https:\/\/iav.lu\/wp-content\/uploads\/2023\/08\/image-1.png\" alt=\"\" class=\"wp-image-3605\"\/><\/a><\/figure>\n<\/div>\n\n<style>.wp-block-kadence-advancedheading.kt-adv-heading17_25e9d6-34, .wp-block-kadence-advancedheading.kt-adv-heading17_25e9d6-34[data-kb-block=\"kb-adv-heading17_25e9d6-34\"]{text-align:center;font-style:normal;}.wp-block-kadence-advancedheading.kt-adv-heading17_25e9d6-34 mark.kt-highlight, .wp-block-kadence-advancedheading.kt-adv-heading17_25e9d6-34[data-kb-block=\"kb-adv-heading17_25e9d6-34\"] mark.kt-highlight{font-style:normal;color:#f76a0c;-webkit-box-decoration-break:clone;box-decoration-break:clone;padding-top:0px;padding-right:0px;padding-bottom:0px;padding-left:0px;}<\/style>\n<h4 class=\"kt-adv-heading17_25e9d6-34 wp-block-kadence-advancedheading\" data-kb-block=\"kb-adv-heading17_25e9d6-34\"><a rel=\"noreferrer noopener\" href=\"https:\/\/morais.shop\" data-type=\"link\" data-id=\"morais.shop\" target=\"_blank\"><strong>Cliquez ici pour \u00eatre redirig\u00e9<br>vers la page de la soci\u00e9t\u00e9<\/strong><\/a><\/h4>\n<\/div><\/div>\n\n<\/div><\/div>\n\n<style>.wp-block-kadence-spacer.kt-block-spacer-17_b6a341-e1 .kt-block-spacer{height:60px;}.wp-block-kadence-spacer.kt-block-spacer-17_b6a341-e1 .kt-divider{border-top-width:1px;height:1px;border-top-color:var(--global-palette6, #718096);width:80%;border-top-style:solid;}<\/style>\n<div class=\"wp-block-kadence-spacer aligncenter kt-block-spacer-17_b6a341-e1\"><div class=\"kt-block-spacer kt-block-spacer-halign-center\"><hr class=\"kt-divider\"\/><\/div><\/div>\n","protected":false},"excerpt":{"rendered":"<p>Groupe Morais : Plusieurs Activit\u00e9s, Une Famille IAV S\u00e0rl\u00c0 Votre Service Depuis 2008D\u00e9pannage &amp; Assistance Informatique, Conseil, Cr\u00e9ation de Sites Web Cliquez ici pour \u00eatre redirig\u00e9vers la page de la soci\u00e9t\u00e9 Morais S\u00e0rl,depuis 2020, \u00e0 votre service pourles tr\u00e9sors de la p\u00e9ninsule ib\u00e9rique&#8211; Cliquez ici pour \u00eatre redirig\u00e9vers la page de la soci\u00e9t\u00e9<\/p>\n","protected":false},"author":1,"featured_media":0,"parent":0,"menu_order":0,"comment_status":"closed","ping_status":"closed","template":"","meta":{"_kad_post_transparent":"","_kad_post_title":"","_kad_post_layout":"","_kad_post_sidebar_id":"","_kad_post_content_style":"","_kad_post_vertical_padding":"","_kad_post_feature":"","_kad_post_feature_position":"","_kad_post_header":false,"_kad_post_footer":false,"footnotes":""},"class_list":["post-17","page","type-page","status-publish","hentry"],"jetpack_sharing_enabled":true,"_links":{"self":[{"href":"https:\/\/morais.lu\/index.php\/wp-json\/wp\/v2\/pages\/17","targetHints":{"allow":["GET"]}}],"collection":[{"href":"https:\/\/morais.lu\/index.php\/wp-json\/wp\/v2\/pages"}],"about":[{"href":"https:\/\/morais.lu\/index.php\/wp-json\/wp\/v2\/types\/page"}],"author":[{"embeddable":true,"href":"https:\/\/morais.lu\/index.php\/wp-json\/wp\/v2\/users\/1"}],"replies":[{"embeddable":true,"href":"https:\/\/morais.lu\/index.php\/wp-json\/wp\/v2\/comments?post=17"}],"version-history":[{"count":9,"href":"https:\/\/morais.lu\/index.php\/wp-json\/wp\/v2\/pages\/17\/revisions"}],"predecessor-version":[{"id":34,"href":"https:\/\/morais.lu\/index.php\/wp-json\/wp\/v2\/pages\/17\/revisions\/34"}],"wp:attachment":[{"href":"https:\/\/morais.lu\/index.php\/wp-json\/wp\/v2\/media?parent=17"}],"curies":[{"name":"wp","href":"https:\/\/api.w.org\/{rel}","templated":true}]}}